{"id":20,"date":"2017-09-19T21:40:54","date_gmt":"2017-09-19T21:40:54","guid":{"rendered":"https:\/\/borisnew.wordpress.com\/?page_id=2"},"modified":"2025-08-13T23:26:30","modified_gmt":"2025-08-13T21:26:30","slug":"about","status":"publish","type":"page","link":"https:\/\/psycho-usmb.fr\/boris.new\/index.php\/about\/","title":{"rendered":"Resources"},"content":{"rendered":"<div>\n<ul>\n<li><a href=\"http:\/\/www.lexique.org\/\" rel=\"nofollow\">Lexique<\/a>\n<ul>\n<li>Lexique is a database providing information on 140,000 words in the French language.<\/li>\n<\/ul>\n<\/li>\n<li><a href=\"http:\/\/lexique-infra.lexique.org\">Lexique-Infra<\/a>\n<ul>\n<li>Lexique-infra is a database providing infra-lexical indicators for 137,717 words in French coming from Lexique 3.83. It can also compute infra-lexical indicators for pseudowords<\/li>\n<\/ul>\n<\/li>\n<li><a href=\"http:\/\/unipseudo.lexique.org\">UniPseudo<\/a>\n<ul>\n<li>UniPseudo is a universal pseudoword Generator. It is called \u201cuniversal\u201d as it can work with <strong>any alphabetical or syllabic language<\/strong> and with <strong>phonological<\/strong> forms.<\/li>\n<\/ul>\n<\/li>\n<\/ul>\n<h2>Other resources<\/h2>\n<ul>\n<li><a href=\"https:\/\/en.wikipedia.org\/wiki\/French_phonology\">Phonemes for French<\/a><\/li>\n<li><a href=\"http:\/\/en.wikipedia.org\/wiki\/French_phonology\" rel=\"nofollow\">Les phon\u00e8mes du fran\u00e7ais (autre table mais en anglais)<\/a><\/li>\n<\/ul>\n<\/div>\n<ul>\n<li>\n<div><i><a href=\"http:\/\/boris.new.free.fr\/ressources\/fruits-legumes.txt\" rel=\"nofollow\">Listes de fruits et l\u00e9gumes<\/a>\u00a0et\u00a0<a href=\"http:\/\/boris.new.free.fr\/ressources\/animaux.txt\" rel=\"nofollow\">d&rsquo;animaux\u00a0<\/a><\/i>R\u00e9alisant des exp\u00e9riences sur la s\u00e9mantiques et n&rsquo;ayant pas trouv\u00e9 de listes pr\u00e9sentant les fruits et l\u00e9gumes et\/ou les animaux en fran\u00e7ais, j&rsquo;ai r\u00e9alis\u00e9 mes propres listes: -liste de fruits\/l\u00e9gumes -liste d&rsquo;animaux.<\/div>\n<ul>\n<li>Pour trouver des listes s\u00e9mantiques, il suffit de taper p.ex pour les fruits \u00ab\u00a0liste de fruits wiktionnaire\u00a0\u00bb dans un moteur de recherche. Vous obtiendrez des pages \u00ab\u00a0Cat\u00e9gorie\u00a0\u00bb ou \u00ab\u00a0Annexes\u00a0\u00bb qui listeront les items de la cat\u00e9gorie. \u00ab\u00a0Th\u00e9saurus fruits\u00a0\u00bb peut aussi \u00eatre une recherche int\u00e9ressante.<\/li>\n<li><a href=\"https:\/\/fr.wiktionary.org\/wiki\/Cat\u00e9gorie:Fruits_en_fran\u00e7ais\">Liste de fruits<\/a><\/li>\n<li><a href=\"https:\/\/fr.wiktionary.org\/wiki\/Cat\u00e9gorie:L\u00e9gumes_en_fran\u00e7ais\">Liste de l\u00e9gumes<\/a><\/li>\n<li><a href=\"https:\/\/fr.wiktionary.org\/wiki\/Annexe:Animaux_communs_en_fran\u00e7ais\">Liste d&rsquo;animaux<\/a><\/li>\n<li><a href=\"https:\/\/fr.wiktionary.org\/wiki\/Annexe:V\u00eatements_en_fran\u00e7ais\">Liste de v\u00eatements<\/a><\/li>\n<\/ul>\n<\/li>\n<\/ul>\n<h4>Useful tools for psycholinguists<\/h4>\n<ul>\n<li><a href=\"http:\/\/www.r-project.org\/\" rel=\"nofollow\">R<\/a>\u00a0(a very powerful free software for statistics , if you want a graphical interface, try it with Rcmdr or pmg)<\/li>\n<\/ul>\n<ul>\n<li><a href=\"http:\/\/www.perl.org\/\" rel=\"nofollow\">Perl\u00a0<\/a>(a powerful tool for manipulating texts; it is with perl that I made the database Lexique)<\/li>\n<li><a href=\"http:\/\/www.ultraedit.com\/\" rel=\"nofollow\">Ultraedit<\/a>\u00a0(a very powerful text editor; you have to pay, but it&rsquo;s worth the price and better than any free software editor)<\/li>\n<li><a href=\"http:\/\/boris.new.free.fr\/ressources\/Var3.XP.zip\" rel=\"nofollow\">Var3<\/a>\u00a0(an easy and powerful software for ANOVA&rsquo;s. This version is working under XP thanks to Th\u00e9r\u00e8se Collins)<\/li>\n<\/ul>\n<h4>Experiment generators<\/h4>\n<ul>\n<li><a href=\"https:\/\/lab.js.org\">Lab.JS<\/a><\/li>\n<li>JsPsych<\/li>\n<\/ul>\n<ul>\n<li><a href=\"http:\/\/boris.new.free.fr\/ressources\/usbmrs11.exe\" rel=\"nofollow\">UsbMouseRate<\/a>\u00a0(software to change your usb polling rate to 1 every ms with win2000\/XP)<\/li>\n<\/ul>\n\n\n<h4 class=\"wp-block-heading\">Divers<\/h4>\n\n\n\n<p><a href=\"https:\/\/www.plume-meeple-gachette.net\/\" style=\"color: #cccccc;\">https:\/\/www.plume-meeple-gachette.net\/<\/a><\/p>\n\n\n\n<p><\/p>\n","protected":false},"excerpt":{"rendered":"<p>This is just a short excerpt for the about&nbsp;page.<\/p>\n","protected":false},"author":2,"featured_media":64,"parent":0,"menu_order":2,"comment_status":"closed","ping_status":"closed","template":"","meta":{"footnotes":""},"class_list":["post-20","page","type-page","status-publish","has-post-thumbnail","hentry","post-preview"],"_links":{"self":[{"href":"https:\/\/psycho-usmb.fr\/boris.new\/index.php\/wp-json\/wp\/v2\/pages\/20","targetHints":{"allow":["GET"]}}],"collection":[{"href":"https:\/\/psycho-usmb.fr\/boris.new\/index.php\/wp-json\/wp\/v2\/pages"}],"about":[{"href":"https:\/\/psycho-usmb.fr\/boris.new\/index.php\/wp-json\/wp\/v2\/types\/page"}],"author":[{"embeddable":true,"href":"https:\/\/psycho-usmb.fr\/boris.new\/index.php\/wp-json\/wp\/v2\/users\/2"}],"replies":[{"embeddable":true,"href":"https:\/\/psycho-usmb.fr\/boris.new\/index.php\/wp-json\/wp\/v2\/comments?post=20"}],"version-history":[{"count":8,"href":"https:\/\/psycho-usmb.fr\/boris.new\/index.php\/wp-json\/wp\/v2\/pages\/20\/revisions"}],"predecessor-version":[{"id":362,"href":"https:\/\/psycho-usmb.fr\/boris.new\/index.php\/wp-json\/wp\/v2\/pages\/20\/revisions\/362"}],"wp:featuredmedia":[{"embeddable":true,"href":"https:\/\/psycho-usmb.fr\/boris.new\/index.php\/wp-json\/"}],"wp:attachment":[{"href":"https:\/\/psycho-usmb.fr\/boris.new\/index.php\/wp-json\/wp\/v2\/media?parent=20"}],"curies":[{"name":"wp","href":"https:\/\/api.w.org\/{rel}","templated":true}]}}