{"id":325,"date":"2023-10-13T14:02:01","date_gmt":"2023-10-13T12:02:01","guid":{"rendered":"https:\/\/psycho-usmb.fr\/boris.new\/?page_id=325"},"modified":"2023-10-13T14:08:06","modified_gmt":"2023-10-13T12:08:06","slug":"ressources-bis","status":"publish","type":"page","link":"https:\/\/psycho-usmb.fr\/boris.new\/index.php\/ressources-bis\/","title":{"rendered":"Ressources"},"content":{"rendered":"\n<p>Ressources I made or contributed to<\/p>\n\n\n\n<figure class=\"wp-block-table\"><table><tbody><tr><td><a href=\"http:\/\/www.lexique.org\">Lexique<\/a><\/td><td>A lexical database for French<\/td><\/tr><tr><td><a href=\"http:\/\/worldlex.lexique.org\">WorldLex<\/a><\/td><td>Lexical frequencies database for multiple languages<\/td><\/tr><tr><td><a href=\"http:\/\/unipseudo.lexique.org\">UniPseudo<\/a><\/td><td>A universal pseudoword generator<\/td><\/tr><tr><td><a href=\"http:\/\/lexique-infra.lexique.org\">Lexique-Infra<\/a><\/td><td>A database with French sublexical informations<\/td><\/tr><tr><td><a href=\"https:\/\/www.google.com\/url?sa=t&amp;rct=j&amp;q=&amp;esrc=s&amp;source=web&amp;cd=&amp;cad=rja&amp;uact=8&amp;ved=2ahUKEwi28ZPR_PKBAxX-TKQEHd1iArgQFnoECA4QAQ&amp;url=http%3A%2F%2Fsubtlexus.lexique.org%2F&amp;usg=AOvVaw0ylAXdRJ2ZqshhGkCdiWer&amp;opi=89978449\">Subtlex-US<\/a><\/td><td>Subtitle frequencies for English words<\/td><\/tr><tr><td><a href=\"https:\/\/www.bcbl.eu\/databases\/multipic\/\">MultiPic<\/a><\/td><td>A standardized set of 750 drawings with norms for six European languages.<\/td><\/tr><tr><td><a href=\"http:\/\/megalex.lexique.org\">MEGALEX<\/a><\/td><td>Reaction times for many French words <\/td><\/tr><tr><td><a href=\"https:\/\/www.google.com\/url?sa=t&amp;rct=j&amp;q=&amp;esrc=s&amp;source=web&amp;cd=&amp;cad=rja&amp;uact=8&amp;ved=2ahUKEwjb0M6L_fKBAxXGTaQEHSkYCZoQFnoECA0QAQ&amp;url=http%3A%2F%2Fwww.lexique.org%2F%3Fpage_id%3D339&amp;usg=AOvVaw2sMjYabDKcCAXG9XfrAm_E&amp;opi=89978449\">Diphones-FR<\/a><\/td><td>A French database of diphones positional frequency<\/td><\/tr><\/tbody><\/table><\/figure>\n\n\n\n<p><strong>Other ressources<\/strong><\/p>\n\n\n\n<ul class=\"wp-block-list\">\n<li>Pour trouver des listes s\u00e9mantiques, il suffit de taper p.ex pour les fruits \u00ab\u00a0liste de fruits wiktionnaire\u00a0\u00bb dans un moteur de recherche. Vous obtiendrez des pages \u00ab\u00a0Cat\u00e9gorie\u00a0\u00bb ou \u00ab\u00a0Annexes\u00a0\u00bb qui listeront les items de la cat\u00e9gorie. \u00ab\u00a0Th\u00e9saurus fruits\u00a0\u00bb peut aussi \u00eatre une recherche int\u00e9ressante.\n<ul class=\"wp-block-list\">\n<li><a href=\"https:\/\/fr.wiktionary.org\/wiki\/Cat\u00e9gorie:Fruits_en_fran\u00e7ais\">Liste de fruits<\/a><\/li>\n\n\n\n<li><a href=\"https:\/\/fr.wiktionary.org\/wiki\/Cat\u00e9gorie:L\u00e9gumes_en_fran\u00e7ais\">Liste de l\u00e9gumes<\/a><\/li>\n\n\n\n<li><a href=\"https:\/\/fr.wiktionary.org\/wiki\/Annexe:Animaux_communs_en_fran\u00e7ais\">Liste d&rsquo;animaux<\/a><\/li>\n\n\n\n<li><a href=\"https:\/\/fr.wiktionary.org\/wiki\/Annexe:V\u00eatements_en_fran\u00e7ais\">Liste de v\u00eatements<\/a><\/li>\n<\/ul>\n<\/li>\n<\/ul>\n","protected":false},"excerpt":{"rendered":"<p>Ressources I made or contributed to Lexique A lexical database for French WorldLex Lexical frequencies database for multiple languages UniPseudo A universal pseudoword generator Lexique-Infra A database with French sublexical informations Subtlex-US Subtitle frequencies for English words MultiPic A standardized set of 750 drawings with norms for six European languages. MEGALEX Reaction times for many [&hellip;]<\/p>\n","protected":false},"author":1,"featured_media":0,"parent":0,"menu_order":0,"comment_status":"closed","ping_status":"closed","template":"","meta":{"footnotes":""},"class_list":["post-325","page","type-page","status-publish","hentry","post-preview"],"_links":{"self":[{"href":"https:\/\/psycho-usmb.fr\/boris.new\/index.php\/wp-json\/wp\/v2\/pages\/325","targetHints":{"allow":["GET"]}}],"collection":[{"href":"https:\/\/psycho-usmb.fr\/boris.new\/index.php\/wp-json\/wp\/v2\/pages"}],"about":[{"href":"https:\/\/psycho-usmb.fr\/boris.new\/index.php\/wp-json\/wp\/v2\/types\/page"}],"author":[{"embeddable":true,"href":"https:\/\/psycho-usmb.fr\/boris.new\/index.php\/wp-json\/wp\/v2\/users\/1"}],"replies":[{"embeddable":true,"href":"https:\/\/psycho-usmb.fr\/boris.new\/index.php\/wp-json\/wp\/v2\/comments?post=325"}],"version-history":[{"count":5,"href":"https:\/\/psycho-usmb.fr\/boris.new\/index.php\/wp-json\/wp\/v2\/pages\/325\/revisions"}],"predecessor-version":[{"id":332,"href":"https:\/\/psycho-usmb.fr\/boris.new\/index.php\/wp-json\/wp\/v2\/pages\/325\/revisions\/332"}],"wp:attachment":[{"href":"https:\/\/psycho-usmb.fr\/boris.new\/index.php\/wp-json\/wp\/v2\/media?parent=325"}],"curies":[{"name":"wp","href":"https:\/\/api.w.org\/{rel}","templated":true}]}}